{"id":49,"date":"2020-11-04T12:57:23","date_gmt":"2020-11-04T12:57:23","guid":{"rendered":"https:\/\/turismecansura.com\/?page_id=49"},"modified":"2023-09-26T20:50:40","modified_gmt":"2023-09-26T20:50:40","slug":"contact","status":"publish","type":"page","link":"https:\/\/turismecansura.com\/es\/contact\/","title":{"rendered":"Contactar"},"content":{"rendered":"<div data-elementor-type=\"wp-page\" data-elementor-id=\"49\" class=\"elementor elementor-49\">\n\t\t\t\t\t\t<section class=\"elementor-section elementor-top-section elementor-element elementor-element-cd50a1f elementor-section-content-middle elementor-section-boxed elementor-section-height-default elementor-section-height-default\" data-id=\"cd50a1f\" data-element_type=\"section\">\n\t\t\t\t\t\t<div class=\"elementor-container elementor-column-gap-no\">\n\t\t\t\t\t<div class=\"aux-parallax-section elementor-column elementor-col-50 elementor-top-column elementor-element elementor-element-301acbf\" data-id=\"301acbf\" data-element_type=\"column\">\n\t\t\t<div class=\"elementor-widget-wrap elementor-element-populated\">\n\t\t\t\t\t\t<div class=\"elementor-element elementor-element-3ac9328 aux-appear-watch-animation aux-slide-from-bot elementor-widget elementor-widget-aux_modern_heading\" data-id=\"3ac9328\" data-element_type=\"widget\" data-widget_type=\"aux_modern_heading.default\">\n\t\t\t\t<div class=\"elementor-widget-container\">\n\t\t\t<section class=\"aux-widget-modern-heading\">\n            <div class=\"aux-widget-inner\"><h5 class=\"aux-modern-heading-primary\"><\/h5><h3 class=\"aux-modern-heading-secondary\"><span class=\"aux-head-highlight\">Casa Rural Can Sura<\/span><\/h3><div class=\"aux-modern-heading-description\"><p>Estamos encantados de ayudarte y responder a todas tus preguntas. Si tienes alguna consulta o quieres realizar una reserva, puedes ponerte en contacto con nosotros de varias formas:<\/p><p>Tel\u00e8fon: Truca'ns al n\u00famero 674870771 i estarem encantats de parlar amb tu. El nostre equip estar\u00e0 a la teva disposici\u00f3 per aclarir qualsevol dubte i gestionar la teva reserva de forma personalitzada.<\/p><p>Correo electr\u00f3nico: Si prefieres comunicarte por escrito, env\u00edanos un correo electr\u00f3nico a <a href=\"mailto:info@cansura.cat\" target=\"_new\">info@turismecansura.com<\/a> y te contestaremos con la mayor brevedad posible. Aseg\u00farate de proporcionarnos toda la informaci\u00f3n necesaria para poder ayudarte adecuadamente.<\/p><p>Formulario de contacto: En nuestro sitio web, encontrar\u00e1s un formulario de contacto que puedes rellenar con tus datos y consulta.<\/p><\/div><\/div>\n        <\/section>\t\t<\/div>\n\t\t\t\t<\/div>\n\t\t\t\t\t<\/div>\n\t\t<\/div>\n\t\t\t\t<div class=\"aux-parallax-section elementor-column elementor-col-50 elementor-top-column elementor-element elementor-element-619d58b aux-appear-watch-animation aux-fade-in-right\" data-id=\"619d58b\" data-element_type=\"column\">\n\t\t\t<div class=\"elementor-widget-wrap elementor-element-populated\">\n\t\t\t\t\t\t<div class=\"elementor-element elementor-element-e9e80e1 elementor-widget elementor-widget-aux_modern_heading\" data-id=\"e9e80e1\" data-element_type=\"widget\" data-widget_type=\"aux_modern_heading.default\">\n\t\t\t\t<div class=\"elementor-widget-container\">\n\t\t\t<section class=\"aux-widget-modern-heading\">\n            <div class=\"aux-widget-inner\"><h2 class=\"aux-modern-heading-primary\">Contacte con nosotros<\/h2><\/div>\n        <\/section>\t\t<\/div>\n\t\t\t\t<\/div>\n\t\t\t\t<div class=\"elementor-element elementor-element-ec8d525 elementor-widget__width-initial elementor-widget elementor-widget-aux_contact_form\" data-id=\"ec8d525\" data-element_type=\"widget\" data-widget_type=\"aux_contact_form.default\">\n\t\t\t\t<div class=\"elementor-widget-container\">\n\t\t\t<section class=\"widget-container aux-widget-contact-form aux-parent-au2af66524\">            <div class=\"aux-col-wrapper aux-no-gutter\">\n            <!-- @TODO - The output for element here -->\n\n            \n<div class=\"wpcf7 no-js\" id=\"wpcf7-f35-o1\" lang=\"en-US\" dir=\"ltr\">\n<div class=\"screen-reader-response\"><p role=\"status\" aria-live=\"polite\"><\/p> <ul><\/ul><\/div>\n\n<div>\n\n\n\n\n\n\n<\/div>\n<p><span class=\"wpcf7-form-control-wrap\" data-name=\"text-910\"><\/span><br \/>\n<span class=\"wpcf7-form-control-wrap\" data-name=\"email-32\"><\/span><br \/>\n<span class=\"wpcf7-form-control-wrap\" data-name=\"text-910\"><\/span><br \/>\n<span class=\"wpcf7-form-control-wrap\" data-name=\"text-911\"><\/span><br \/>\n<span class=\"wpcf7-form-control-wrap\" data-name=\"text-912\"><\/span><br \/>\n<img decoding=\"async\" class=\"wpcf7-form-control wpcf7-captchac wpcf7-captcha-captcha-1\" width=\"72\" height=\"24\" alt=\"captcha\" src=\"https:\/\/turismecansura.com\/wp-content\/uploads\/wpcf7_captcha\/3790734895.png\" \/><span class=\"wpcf7-form-control-wrap\" data-name=\"captcha-1\"><\/span><br \/>\n<span class=\"wpcf7-form-control-wrap\" data-name=\"textarea-804\"><textarea cols=\"40\" rows=\"10\" class=\"wpcf7-form-control wpcf7-textarea wpcf7-validates-as-required\" name=\"textarea-804\"><\/textarea><\/span><br \/>\n<span class=\"wpcf7-form-control-wrap\" data-name=\"acceptance-57\"><span class=\"wpcf7-form-control wpcf7-acceptance optional\"><span class=\"wpcf7-list-item\"><\/span><\/span><\/span> He llegit i accepto les pol\u00edtiques de privacitat.<br \/>\n\n<\/p><div class=\"wpcf7-response-output\" aria-hidden=\"true\"><\/div>\n\n<\/div>\n\n\n            <\/div><!-- aux-col-wrapper -->\n    <\/section><!-- widget-container -->\t\t<\/div>\n\t\t\t\t<\/div>\n\t\t\t\t\t<\/div>\n\t\t<\/div>\n\t\t\t\t\t<\/div>\n\t\t<\/section>\n\t\t\t\t<section class=\"elementor-section elementor-top-section elementor-element elementor-element-69b015f elementor-section-boxed elementor-section-height-default elementor-section-height-default\" data-id=\"69b015f\" data-element_type=\"section\">\n\t\t\t\t\t\t<div class=\"elementor-container elementor-column-gap-no\">\n\t\t\t\t\t<div class=\"aux-parallax-section elementor-column elementor-col-100 elementor-top-column elementor-element elementor-element-ced19a0 aux-appear-watch-animation aux-scale-up\" data-id=\"ced19a0\" data-element_type=\"column\" data-settings=\"{&quot;background_background&quot;:&quot;classic&quot;}\">\n\t\t\t<div class=\"elementor-widget-wrap elementor-element-populated\">\n\t\t\t\t\t\t<section class=\"elementor-section elementor-inner-section elementor-element elementor-element-afd6921 elementor-section-boxed elementor-section-height-default elementor-section-height-default\" data-id=\"afd6921\" data-element_type=\"section\">\n\t\t\t\t\t\t<div class=\"elementor-container elementor-column-gap-no\">\n\t\t\t\t\t<div class=\"aux-parallax-section elementor-column elementor-col-33 elementor-inner-column elementor-element elementor-element-5915907\" data-id=\"5915907\" data-element_type=\"column\">\n\t\t\t<div class=\"elementor-widget-wrap elementor-element-populated\">\n\t\t\t\t\t\t<div class=\"elementor-element elementor-element-fc13281 aux-appear-watch-animation aux-fade-in-left-1 elementor-widget elementor-widget-aux_text\" data-id=\"fc13281\" data-element_type=\"widget\" data-widget_type=\"aux_text.default\">\n\t\t\t\t<div class=\"elementor-widget-container\">\n\t\t\t<section class=\"widget-container aux-widget-text aux-parent-au9b65cddd\">        <div class=\"aux-widget-advanced-text aux-wrap-style-simple aux-ico-pos-top aux-text-center aux-text-resp- aux-text-color-dark aux-text-widget-bg-center\" >\n        \n                            <div class=\"aux-text-widget-header\"  >\n                        <div class=\"aux-ico-box aux-ico-large aux-ico-clear\">\n                                                                <svg xmlns=\"http:\/\/www.w3.org\/2000\/svg\" width=\"78.243\" height=\"81.881\" viewbox=\"0 0 22.243 22.881\"><g transform=\"translate(-2.949)\"><path d=\"M114.565,3a10.167,10.167,0,0,0-7.237-3,.811.811,0,1,0,0,1.622,8.612,8.612,0,0,1,8.612,8.613.811.811,0,0,0,1.622,0A10.167,10.167,0,0,0,114.565,3Z\" transform=\"translate(-92.37 0)\" fill=\"#fff\" \/><path d=\"M111.229,49.1a.811.811,0,0,0,1.622,0,5.53,5.53,0,0,0-5.523-5.523h0a.811.811,0,0,0,0,1.622A3.906,3.906,0,0,1,111.229,49.1Z\" transform=\"translate(-92.37 -38.866)\" fill=\"#fff\" \/><path d=\"M17.065,42.763a2.448,2.448,0,0,0-2.168,1.3.811.811,0,0,0,1.339.916c.357-.522.518-.6.738-.593a10.445,10.445,0,0,1,3.743,2.741.839.839,0,0,1-.008.592,2.8,2.8,0,0,1-1.389,1.75,2.6,2.6,0,0,1-2.084-.07A22.918,22.918,0,0,1,9.717,44.5l0,0A22.915,22.915,0,0,1,4.829,36.99a2.6,2.6,0,0,1-.07-2.085,2.8,2.8,0,0,1,1.75-1.389.838.838,0,0,1,.59-.008,10.465,10.465,0,0,1,2.743,3.736c.012.227-.071.389-.592.745a.811.811,0,0,0,.915,1.339,2.446,2.446,0,0,0,1.3-2.17c-.07-1.3-2.59-4.726-3.795-5.169a2.452,2.452,0,0,0-1.675-.01,4.365,4.365,0,0,0-2.707,2.251A4.174,4.174,0,0,0,3.327,37.6,24.528,24.528,0,0,0,8.57,45.647l.017.016A24.534,24.534,0,0,0,16.623,50.9a4.811,4.811,0,0,0,1.811.378,3.717,3.717,0,0,0,1.561-.335,4.364,4.364,0,0,0,2.251-2.708,2.452,2.452,0,0,0-.008-1.671C21.793,45.353,18.362,42.833,17.065,42.763Z\" transform=\"translate(0 -28.394)\" fill=\"#fff\" \/><\/g><\/svg>                                                    <\/div>\n                <\/div>\n            \n            <div class=\"aux-text-inner aux-text-widget-content\">\n                                <h4 class=\"col-title\">Email :<\/h4>\n                                <div class=\"widget-content\">\n                                        <p>info@turismecansura.com<\/p>                <\/div>\n                            <\/div>\n        <\/div>\n                    <div class=\"aux-text-widget-footer\">\n                <div class=\"aux-border-shape-none\">\n                                <\/div>\n            <\/div>\n        \n<\/section><!-- widget-container -->\t\t<\/div>\n\t\t\t\t<\/div>\n\t\t\t\t\t<\/div>\n\t\t<\/div>\n\t\t\t\t<div class=\"aux-parallax-section elementor-column elementor-col-33 elementor-inner-column elementor-element elementor-element-9543006\" data-id=\"9543006\" data-element_type=\"column\">\n\t\t\t<div class=\"elementor-widget-wrap elementor-element-populated\">\n\t\t\t\t\t\t<div class=\"elementor-element elementor-element-c0edb95 aux-appear-watch-animation aux-scale-down-1 elementor-widget elementor-widget-aux_text\" data-id=\"c0edb95\" data-element_type=\"widget\" data-widget_type=\"aux_text.default\">\n\t\t\t\t<div class=\"elementor-widget-container\">\n\t\t\t<section class=\"widget-container aux-widget-text aux-parent-au421d8aa9\">        <div class=\"aux-widget-advanced-text aux-wrap-style-simple aux-ico-pos-top aux-text-center aux-text-resp- aux-text-color-dark aux-text-widget-bg-center\" >\n        \n                            <div class=\"aux-text-widget-header\"  >\n                        <div class=\"aux-ico-box aux-ico-large aux-ico-clear\">\n                                                                <svg xmlns=\"http:\/\/www.w3.org\/2000\/svg\" width=\"87.741\" height=\"58.873\" viewbox=\"0 0 27.741 18.873\"><g transform=\"translate(0 -38.529)\"><path d=\"M49.4,68.744,40.42,76.66l-8.985-7.916a.863.863,0,1,0-1.141,1.3l9.556,8.419a.863.863,0,0,0,1.141,0l9.554-8.419A.863.863,0,1,0,49.4,68.744Z\" transform=\"translate(-26.548 -26.547)\" fill=\"#fff\" \/><path d=\"M25.152,38.529H2.589A2.592,2.592,0,0,0,0,41.118V54.813A2.592,2.592,0,0,0,2.589,57.4H25.152a2.592,2.592,0,0,0,2.589-2.589V41.118A2.592,2.592,0,0,0,25.152,38.529Zm.863,16.284a.864.864,0,0,1-.863.863H2.589a.864.864,0,0,1-.863-.863V41.118a.864.864,0,0,1,.863-.863H25.152a.864.864,0,0,1,.863.863Z\" fill=\"#fff\" \/><\/g><\/svg>                                                    <\/div>\n                <\/div>\n            \n            <div class=\"aux-text-inner aux-text-widget-content\">\n                                <h4 class=\"col-title\">Tel\u00e9fono:<\/h4>\n                                <div class=\"widget-content\">\n                                        <p>+34 666 666 666<\/p>                <\/div>\n                            <\/div>\n        <\/div>\n                    <div class=\"aux-text-widget-footer\">\n                <div class=\"aux-border-shape-none\">\n                                <\/div>\n            <\/div>\n        \n<\/section><!-- widget-container -->\t\t<\/div>\n\t\t\t\t<\/div>\n\t\t\t\t\t<\/div>\n\t\t<\/div>\n\t\t\t\t<div class=\"aux-parallax-section elementor-column elementor-col-33 elementor-inner-column elementor-element elementor-element-33a3dec\" data-id=\"33a3dec\" data-element_type=\"column\">\n\t\t\t<div class=\"elementor-widget-wrap elementor-element-populated\">\n\t\t\t\t\t\t<div class=\"elementor-element elementor-element-ccc0007 aux-appear-watch-animation aux-fade-in-right-1 elementor-widget elementor-widget-aux_text\" data-id=\"ccc0007\" data-element_type=\"widget\" data-widget_type=\"aux_text.default\">\n\t\t\t\t<div class=\"elementor-widget-container\">\n\t\t\t<section class=\"widget-container aux-widget-text aux-parent-au61de258b\">        <div class=\"aux-widget-advanced-text aux-wrap-style-simple aux-ico-pos-top aux-text-center aux-text-resp- aux-text-color-dark aux-text-widget-bg-center\" >\n        \n                            <div class=\"aux-text-widget-header\"  >\n                        <div class=\"aux-ico-box aux-ico-large aux-ico-clear\">\n                                                                <svg xmlns=\"http:\/\/www.w3.org\/2000\/svg\" width=\"62.489\" height=\"81.078\" viewbox=\"0 0 62.489 81.078\"><g transform=\"translate(-24.89)\"><path d=\"M56.133,0A31.28,31.28,0,0,0,24.89,31.247c0,12.311,5.154,24.764,14.906,36.014A78.994,78.994,0,0,0,54.6,80.621a2.8,2.8,0,0,0,3.065,0A79,79,0,0,0,72.472,67.261c9.752-11.25,14.907-23.7,14.907-36.014A31.282,31.282,0,0,0,56.133,0Zm0,74.838c-5.746-4.282-25.641-20.761-25.641-43.591a25.642,25.642,0,1,1,51.285,0C81.777,54.077,61.879,70.556,56.133,74.838Z\" fill=\"#fff\" \/><path d=\"M87.752,50.449a12.4,12.4,0,1,0,12.4,12.4A12.415,12.415,0,0,0,87.752,50.449Zm0,19.2a6.8,6.8,0,1,1,6.8-6.8A6.806,6.806,0,0,1,87.752,69.648Z\" transform=\"translate(-31.617 -31.609)\" fill=\"#fff\" \/><\/g><\/svg>                                                    <\/div>\n                <\/div>\n            \n            <div class=\"aux-text-inner aux-text-widget-content\">\n                                <h4 class=\"col-title\">Direcci\u00f3n:<\/h4>\n                                <div class=\"widget-content\">\n                                        <p>Campines,\u00a0<\/p>                <\/div>\n                            <\/div>\n        <\/div>\n                    <div class=\"aux-text-widget-footer\">\n                <div class=\"aux-border-shape-none\">\n                                <\/div>\n            <\/div>\n        \n<\/section><!-- widget-container -->\t\t<\/div>\n\t\t\t\t<\/div>\n\t\t\t\t\t<\/div>\n\t\t<\/div>\n\t\t\t\t\t<\/div>\n\t\t<\/section>\n\t\t\t\t\t<\/div>\n\t\t<\/div>\n\t\t\t\t\t<\/div>\n\t\t<\/section>\n\t\t\t\t<\/div>","protected":false},"excerpt":{"rendered":"<p>Casa Rural Can Sura Estem encantats de poder ajudar-te i respondre a totes les teves preguntes. Si tens alguna consulta o vols realitzar una reserva, pots posar-te en contacte amb nosaltres de diverses maneres: Tel\u00e8fon: Truca&#8217;ns al n\u00famero 674870771 i estarem encantats de parlar amb tu. El nostre equip estar\u00e0 a la teva disposici\u00f3 per [&hellip;]<\/p>","protected":false},"author":1,"featured_media":0,"parent":0,"menu_order":0,"comment_status":"closed","ping_status":"closed","template":"templates\/page-builder-content.php","meta":{"_joinchat":[],"footnotes":""},"class_list":["post-49","page","type-page","status-publish","hentry"],"_links":{"self":[{"href":"https:\/\/turismecansura.com\/es\/wp-json\/wp\/v2\/pages\/49","targetHints":{"allow":["GET"]}}],"collection":[{"href":"https:\/\/turismecansura.com\/es\/wp-json\/wp\/v2\/pages"}],"about":[{"href":"https:\/\/turismecansura.com\/es\/wp-json\/wp\/v2\/types\/page"}],"author":[{"embeddable":true,"href":"https:\/\/turismecansura.com\/es\/wp-json\/wp\/v2\/users\/1"}],"replies":[{"embeddable":true,"href":"https:\/\/turismecansura.com\/es\/wp-json\/wp\/v2\/comments?post=49"}],"version-history":[{"count":25,"href":"https:\/\/turismecansura.com\/es\/wp-json\/wp\/v2\/pages\/49\/revisions"}],"predecessor-version":[{"id":304,"href":"https:\/\/turismecansura.com\/es\/wp-json\/wp\/v2\/pages\/49\/revisions\/304"}],"wp:attachment":[{"href":"https:\/\/turismecansura.com\/es\/wp-json\/wp\/v2\/media?parent=49"}],"curies":[{"name":"wp","href":"https:\/\/api.w.org\/{rel}","templated":true}]}}